{"id":31435,"date":"2022-04-06T08:54:09","date_gmt":"2022-04-06T05:54:09","guid":{"rendered":"https:\/\/blog.turkishairlines.com\/?page_id=31435"},"modified":"2022-06-15T11:18:55","modified_gmt":"2022-06-15T08:18:55","slug":"privacy-and-cookies-policy","status":"publish","type":"page","link":"https:\/\/blog.turkishairlines.com\/en\/privacy-and-cookies-policy\/","title":{"rendered":"Privacy and Cookies Policy"},"content":{"rendered":"\n<h3 class=\"wp-block-heading\">Cookie Notice<\/h3>\n\n\n\n<h3 class=\"wp-block-heading\">(\u201cNotice\u201d)<\/h3>\n\n\n\n<p>Last updated: [August][ 12 ], [2020]<\/p>\n\n\n\n<p><strong>General Information on the Notice<\/strong><\/p>\n\n\n\n<p>As T\u00fcrk Hava Yollar\u0131 Anonim Ortakl\u0131\u011f\u0131 (\u201c<strong>THY<\/strong>\u201d or the \u201c<strong>Company<\/strong>\u201d), we benefit from certain technologies such as cookies, pixels, gifs, etc. (\u201ccookies\u201d) in order to improve your experience during your visits to our online channels. The use of such technologies is carried out in accordance with the applicable legislation, in particular the Law on the Protection of Personal Data No. 6698 (the \u201c<strong>PDP Law<\/strong>\u201d).<\/p>\n\n\n\n<p>This Notice is intended to inform you about the processing of your personal data which are obtained during our operation of \u201cturkishairlines.com\u201d website (the \u201c<strong>Site<\/strong>\u201d) and mobile application, through the use of cookies by the Site users\/members\/visitors (\u201c<strong>Data Subject<\/strong>\u201d). We would like to herein describe which types of cookies are used on our Site, and for which purposes and how you may control such cookies.<\/p>\n\n\n\n<p>As THY, we may decide not to use cookies which are currently used on our Site, change the types or functions thereof, or add new cookies to our Site. Accordingly, we hereby reserve the right to amend the terms of this notice at any time. Any and all kinds of amendments made on the current notice will become effective upon publication on any public channel. Please see the last update date on top of this notice.<\/p>\n\n\n\n<p><strong>What are Cookies?<\/strong><\/p>\n\n\n\n<p>Cookies are small data files set up in your computer by a web server, via your browser. Web sites use cookies to recognize you when a connection is established between your browser and the server. Cookies are designed to make a web site more convenient to use for its visitors.<\/p>\n\n\n\n<p><strong>For which Purposes Cookies are Used?<\/strong><\/p>\n\n\n\n<p>At THY, we use cookies on our Site and mobile applications for various purposes, and we process personal data through such cookies, in particular, for the following purposes:<\/p>\n\n\n\n<ul class=\"wp-block-list\"><li><strong>Performing basic functions necessary for the operation of the Site.<\/strong>&nbsp;For instance, members who are logged in do not have to enter their passwords again when visiting different pages on the Site.<\/li><li><strong>Analyzing the Site and improving the performance of the Site.<\/strong>&nbsp;For instance, the integration of the different servers on which the Site operates, determination of the number of visitors of the Site and carrying out of performance settings accordingly or facilitation of the location by the visitors of what they are looking for.<\/li><li><strong>Increasing the functionality of the Site and providing ease of use.<\/strong>&nbsp;For instance, posting on third-party social media over the Site, remembering the user name data or search queries of the visitors of the Sites on their subsequent visits.<\/li><li><strong>Performing personalization, targeting and advertising.<\/strong>&nbsp;For instance, showing advertisements about visitor\u2019s interests on pages and products which they have previously viewed.<\/li><\/ul>\n\n\n\n<p><strong>What is the Method of and Legal Basis for Collection of Personal Data?<\/strong><\/p>\n\n\n\n<p>Your personal data are acquired through cookies when you visit our Site or use our application. In accordance with the purposes laid down in this notice and the T\u00fcrk Hava Yollar\u0131 Anonim Ortakl\u0131\u011f\u0131\u2019s Policy on the Protection and Processing of Personal Data, your personal data may be processed, without your consent, if any of the following conditions for legal data processing under article 5(2) of the PDP Law are present: (i) data processing is required for the legitimate interests of our Corporation; (ii) data processing is required for the fulfillment by our Corporation of its legal obligations; and (iii) data processing is direcftly related to the conclusion or performance of a contract. Otherwise, your personal data will be processed only with your explicit consent.<\/p>\n\n\n\n<p><strong>To Whom and for Which Purposes do We Transfer Personal Data?<\/strong><\/p>\n\n\n\n<p>As THY, we may transfer your personal data subject to the notice, with third persons, our affiliates, business partners and group companies which benefit from our Company\u2019s services, as limited to the achievement of the purposes set forth in the Turkish Airlines Policy on the Protection and Processing of Personal Data, and which are mentioned above, and in accordance with the legislation. Please note that the parties to which data are transferred may store your personal data over the servers located anywhere in the world.<\/p>\n\n\n\n<p><strong>Which Cookies do We Use?<\/strong><\/p>\n\n\n\n<p>The different types of cookies which are used by our Site are listed below. Our Site uses both first-party cookies (which are placed by the site visited) and third-party cookies (which are placed by servers, other than the site visited). In mobile application, Google and Criteo SDK (Software Development Kit) are used instead of cookies.<\/p>\n\n\n\n<figure class=\"wp-block-table\"><table><tbody><tr><th>Type of Cookies<\/th><th>Function of Cookie<\/th><\/tr><tr><td>Necessary Cookies<\/td><td>These cookies are essential for the Website to function properly. These cookies allow the Website to be visited and its features to be used. Session cookies are used to ensure information exchange between the various pages of the website and to prevent the users from entering the information more than once. The cookies in this category do not collect personal data in any way, they\u2019re Temporary and deleted right after the browser is closed.<\/td><\/tr><tr><td>Analtycs Cookies<\/td><td>These cookies store information like the number of visitors to the website, the number of unique visitors, which pages of the website have been visited, the source of the visit, etc. These data help us understand and analyze how well the website performs and where it needs improvement.<\/td><\/tr><tr><td>Performance Cookies<\/td><td>These cookies allow the website owner to collect information on the frequency of the website visits, relevant error messages (if any), time that users spend on the pages and how the users use the website. This information may be used to improve the performance of the website.<\/td><\/tr><tr><td>Marketing Cookies<\/td><td>Third-party supplier cookies (e.g. cookies created with social media posts on flight destinations and promotional pages) are used to include certain functions on the website. Besides, cookies of the companies that track advertisements on the website are also used.<\/td><\/tr><tr><td>Functionality Cookies<\/td><td>These cookies remember the choices of the users (selected city, flight date etc.) and thus facilitate the user\u2019s visit to the website. Besides, this information provides advanced web features to the users.<\/td><\/tr><\/tbody><\/table><\/figure>\n\n\n\n<p>Information about cookies on the Website are given in the following tables:<\/p>\n\n\n\n<figure class=\"wp-block-table\"><table><tbody><tr><th><strong>Cookies Name<\/strong><\/th><th>Description<\/th><th><strong>Cookies Type<\/strong><\/th><th><strong>Cookies Duration<\/strong><\/th><\/tr><tr><td>_ga_DFDBLWC3R7<\/td><td>This cookie is installed by Google Analytics.<\/td><td>Marketing cookies<\/td><td>2 years<\/td><\/tr><tr><td>_ga<\/td><td>The _ga cookie, installed by Google Analytics, calculates visitor, session and campaign data and also keeps track of site usage for the site&#8217;s analytics report. The cookie stores information anonymously and assigns a randomly generated number to recognize unique visitors.<\/td><td>Analytics cookies<\/td><td>2 years<\/td><\/tr><tr><td>_gid<\/td><td>Installed by Google Analytics, _gid cookie stores information on how visitors use a website, while also creating an analytics report of the website&#8217;s performance. Some of the data that are collected include the number of visitors, their source, and the pages they visit anonymously.<\/td><td>Analytics cookies<\/td><td>1 day<\/td><\/tr><tr><td>_gat_gtag_UA_167812988_1<\/td><td>Set by Google to distinguish users.<\/td><td>Analytics cookies<\/td><td>1 minute<\/td><\/tr><tr><td>CONSENT<\/td><td>YouTube sets this cookie via embedded youtube-videos and registers anonymous statistical data.<\/td><td>Analytics cookies<\/td><td>2 years<\/td><\/tr><tr><td>AKA_A2<\/td><td>This cookie is set by Akamai. This cookie is used for DNS Prefetch and HTTP2 Push. It helps in improving the performance.<\/td><td>Performance cookies<\/td><td>1 hour<\/td><\/tr><tr><td>ak_bmsc<\/td><td>This cookie is used by Akamai to optimize site security by distinguishing between humans and bots.<\/td><td>Necessary cookies<\/td><td>2 hours<\/td><\/tr><tr><td>YSC<\/td><td>YSC cookie is set by Youtube and is used to track the views of embedded videos on Youtube pages.<\/td><td>Marketing cookies<\/td><td>Session<\/td><\/tr><tr><td>VISITOR_INFO1_LIVE<\/td><td>A cookie set by YouTube to measure bandwidth that determines whether the user gets the new or old player interface.<\/td><td>Marketing cookies<\/td><td>5 months 27 days<\/td><\/tr><tr><td>yt.innertube::requests<\/td><td>This cookie, set by YouTube, registers a unique ID to store data on what videos from YouTube the user has seen.<\/td><td>Marketing cookies<\/td><td>Never<\/td><\/tr><tr><td>yt.innertube::nextId<\/td><td>This cookie, set by YouTube, registers a unique ID to store data on what videos from YouTube the user has seen.<\/td><td>Marketing cookies<\/td><td>Never<\/td><\/tr><tr><td>ppwp_wp_session<\/td><td>No description.<\/td><td>Other cookies<\/td><td>30 minutes<\/td><\/tr><tr><td>wp-wpml_current_language<\/td><td>No description.<\/td><td>Other cookies<\/td><td>Session<\/td><\/tr><tr><td>yt-remote-device-id<\/td><td>YouTube sets this cookie to store the video preferences of the user using embedded YouTube video.<\/td><td>Marketing cookies<\/td><td>Never<\/td><\/tr><tr><td>yt-remote-connected-devices<\/td><td>YouTube sets this cookie to store the video preferences of the user using embedded YouTube video.<\/td><td>Marketing cookies<\/td><td>Never<\/td><\/tr><tr><td>bm_mi<\/td><td>No description.<\/td><td>Other cookies<\/td><td>Session<\/td><\/tr><tr><td>CookieLawInfoConsent<\/td><td>Records the default button state of the corresponding category &amp; the status of CCPA. It works only in coordination with the primary cookie.<\/td><td>Necessary cookies<\/td><td>1 year<\/td><\/tr><tr><td>cookielawinfo-checkbox-necessary<br><\/td><td>Set by the GDPR Cookie Consent plugin, this cookie is used to record the user consent for the cookies in the &#8220;Necessary&#8221; category .<\/td><td>Necessary cookies<\/td><td>1 year<\/td><\/tr><tr><td>cookielawinfo-checkbox-functional<br><\/td><td>The cookie is set by the GDPR Cookie Consent plugin to record the user consent for the cookies in the category &#8220;Functional&#8221;.<\/td><td>Necessary cookies<\/td><td>1 year<\/td><\/tr><tr><td>cookielawinfo-checkbox-performance<br><\/td><td>Set by the GDPR Cookie Consent plugin, this cookie is used to store the user consent for cookies in the category &#8220;Performance&#8221;.<\/td><td>Necessary cookies<\/td><td>1 year<\/td><\/tr><tr><td>cookielawinfo-checkbox-analytics<br><\/td><td>Set by the GDPR Cookie Consent plugin, this cookie is used to record the user consent for the cookies in the &#8220;Analytics&#8221; category .<\/td><td>Necessary cookies<\/td><td>1 year<\/td><\/tr><tr><td>cookielawinfo-checkbox-advertisement<br><\/td><td>Set by the GDPR Cookie Consent plugin, this cookie is used to record the user consent for the cookies in the &#8220;Advertisement&#8221; category .<\/td><td>Necessary cookies<\/td><td>1 year<\/td><\/tr><tr><td>cookielawinfo-checkbox-others<br><\/td><td>Set by the GDPR Cookie Consent plugin, this cookie is used to store the user consent for cookies in the category &#8220;Others&#8221;.<\/td><td>Necessary cookies<\/td><td>1 year<\/td><\/tr><tr><td>SRM_B<\/td><td>Used by Microsoft Advertising as a unique ID for visitors.<\/td><td>Performance cookies<\/td><td>1 year 24 days<\/td><\/tr><tr><td>MUID<\/td><td>Bing sets this cookie to recognize unique web browsers visiting Microsoft sites. This cookie is used for advertising, site analytics, and other operations.<\/td><td>Marketing cookies<\/td><td>1 year 24 days<\/td><\/tr><tr><td>bm_sv<\/td><td>No description.<\/td><td>Other cookies<\/td><td>2 hours<\/td><\/tr><tr><td>SM<\/td><td>No description.<\/td><td>Other cookies<\/td><td>Session<\/td><\/tr><tr><td>_clsk<\/td><td>No description.<\/td><td>Other cookies<\/td><td>1 day<\/td><\/tr><tr><td>_clck<\/td><td>No description.<\/td><td>Other cookies<\/td><td>1 year<\/td><\/tr><tr><td>CLID<\/td><td>No description.<\/td><td>Other cookies<\/td><td>1 year<\/td><\/tr><\/tbody><\/table><\/figure>\n\n\n\n<p><strong>How can I Control the Use of Cookies?<\/strong><\/p>\n\n\n\n<p>When you visit our Site, a banner which informs you about the use of cookies will appear, and by clicking \u201cI accept all cookies\u201d button, you agree to all cookies on our website. By clicking on \u201cChange Settings\u201d button, you can determine the types of cookies, depending on your preference. You can withdraw your consent or change cookie settings at any time.<\/p>\n\n\n\n<p>Depending on the type of your internet browser, you can learn about cookies, exercise your right to allow or reject cookies, by following the steps below:<\/p>\n\n\n\n<ul class=\"wp-block-list\"><li>Google Chrome: You can allow or block cookies from the \u201cCookie\u201d tab by clicking on the \u201clock mark\u201d or letter \u201ci\u201d in the \u201caddress section\u201d of your browser.<\/li><li>Internet Explorer: You can click on the \u201cTools\u201d Section at the top right corner of your browser and click on the \u201cSecurity\u201d tab and manage your cookies by \u201callowing\u201d or \u201cdisallowing\u201d them.<\/li><li>Mozilla Firefox: You can click on the \u201copen menu\u201d tab at the top right corner of your browser and click on the \u201cOptions\u201d image and manage your cookies by using the \u201cPrivacy and Security\u201d button.<\/li><li>For other browsers (such as opera, Microsoft edge, etc.), you can review the help or support pages of the relevant browsers.<\/li><li>Safari: You can select the \u201csafari\u201d tab from the Settings\u201d section, and manage your cookies from the \u201cPrivacy and Security\u201d Section.<\/li><li>In addition to the options above, you can also visit&nbsp;<a href=\"https:\/\/www.allaboutcookies.org\/\" target=\"_blank\" rel=\"noreferrer noopener nofollow\">https:\/\/www.allaboutcookies.org<\/a>,&nbsp;<a href=\"https:\/\/www.youronlinechoices.eu\/\" target=\"_blank\" rel=\"noreferrer noopener nofollow\">https:\/\/www.youronlinechoices.eu\/<\/a>&nbsp;in order to learn about all cookies and to manage cookies, or you can use the \u201cPrivacy Badger\u201d application (<a href=\"https:\/\/www.eff.org\/tr\/privacybadger\" target=\"_blank\" rel=\"noreferrer noopener nofollow\">https:\/\/www.eff.org\/tr\/privacybadger<\/a>).<\/li><li>For the management of the cookies or SDK (Software Development Kit) in mobile applications, you can follow the instructions under the Privacy or Settings Section of your device, or you can download the Lumen Privacy Monitor (<strong>https:\/\/haystack.mobi<\/strong>) to your phone and use it.<\/li><\/ul>\n\n\n\n<p><strong>What are Your Rights as a Data Subject?<\/strong><\/p>\n\n\n\n<p>Pursuant to article 11 of the PDP Law, the data subject is entitled to:<\/p>\n\n\n\n<ul class=\"wp-block-list\"><li>Learn whether personal data are processed;<\/li><li>Request further information if personal data have been processed;<\/li><li>Learn the purpose for the processing of personal data and whether such data are used in compliance with such purpose;<\/li><li>Learn the third-party recipients to whom personal data are transferred in T\u00fcrkiye or abroad;<\/li><li>Request the rectification of personal data which have been processed incompletely or inaccurately, and request such process to be notified to third persons to whom personal data have been transferred;<\/li><li>Request the erasure or destruction of personal data in cases where the reasons necessitating their processing cease to exist, despite being processed in accordance with the provisions of the PDP Law and other applicable laws, and request such process to be notified to third persons to whom personal data have been transferred;<\/li><li>Object to any unfavorable consequence if such arises by means of the analysis of the data processed, exclusively through automatic means;<\/li><li>Claim compensation for damages which are incurred due to personal data being unlawfully processed.<\/li><\/ul>\n\n\n\n<p>The Data Subject undertakes that the information subject to this Notice are complete, accurate and up-to-date, and that (s)he will immediately update such information in case of any change therein. The Company will not be held responsible if the Data Subject fails to provide up-to-date information.<\/p>\n\n\n\n<p>As the data subject, you accept that you may not fully benefit from the functioning of the Site or the application if you make a request which will prevent the Company from using any personal data, and declare that any and all liabilities which may arise therefrom will belong to you.<\/p>\n","protected":false},"excerpt":{"rendered":"<p>Cookie Notice (\u201cNotice\u201d) Last updated: [August][ 12 ], [2020] General Information on the Notice As T\u00fcrk Hava Yollar\u0131 Anonim Ortakl\u0131\u011f\u0131 (\u201cTHY\u201d or the \u201cCompany\u201d), we benefit from certain technologies such as cookies, pixels, gifs, etc. (\u201ccookies\u201d) in order to improve your experience during your visits to our online channels. The use of such technologies is [&hellip;]<\/p>\n","protected":false},"author":2,"featured_media":0,"parent":0,"menu_order":0,"comment_status":"closed","ping_status":"closed","template":"","meta":{"footnotes":""},"class_list":["post-31435","page","type-page","status-publish"],"_links":{"self":[{"href":"https:\/\/blog.turkishairlines.com\/en\/wp-json\/wp\/v2\/pages\/31435","targetHints":{"allow":["GET"]}}],"collection":[{"href":"https:\/\/blog.turkishairlines.com\/en\/wp-json\/wp\/v2\/pages"}],"about":[{"href":"https:\/\/blog.turkishairlines.com\/en\/wp-json\/wp\/v2\/types\/page"}],"author":[{"embeddable":true,"href":"https:\/\/blog.turkishairlines.com\/en\/wp-json\/wp\/v2\/users\/2"}],"replies":[{"embeddable":true,"href":"https:\/\/blog.turkishairlines.com\/en\/wp-json\/wp\/v2\/comments?post=31435"}],"version-history":[{"count":0,"href":"https:\/\/blog.turkishairlines.com\/en\/wp-json\/wp\/v2\/pages\/31435\/revisions"}],"wp:attachment":[{"href":"https:\/\/blog.turkishairlines.com\/en\/wp-json\/wp\/v2\/media?parent=31435"}],"curies":[{"name":"wp","href":"https:\/\/api.w.org\/{rel}","templated":true}]}}